{"id":1748,"date":"2013-05-08T14:29:00","date_gmt":"2013-05-08T13:29:00","guid":{"rendered":"http:\/\/hrkll.ch\/WordPress\/?page_id=1748"},"modified":"2015-04-01T16:44:44","modified_gmt":"2015-04-01T15:44:44","slug":"fruherfassung","status":"publish","type":"page","link":"https:\/\/hrkll.ch\/WordPress\/vom-kopf-auf-die-fuesse\/leitfaden\/fruherfassung\/","title":{"rendered":"Fr\u00fcherfassung"},"content":{"rendered":"<p>Situationsorientiertes Fachrechnen geht nicht von der Vorstellung aus, dass die Lernenden &#8222;Grundlagen&#8220; mitbringen m\u00fcssen (&#8222;Dreisatz&#8220;, &#8222;Prozentrechnen&#8220;) und dass es im Unterricht darum geht, diese &#8222;Grundlagen&#8220; anzuwenden. Situationsorientiertes Fachrechnen erarbeitet mit den Lernenden zusammen f\u00fcr die einzelnen Situationen situationsbezogene L\u00f6sungen und geht dabei von dem Vorwissen aus, das die Lernenden mitbringen. Es ist deshalb auch nicht m\u00f6glich und sinnvoll, zu Beginn der Ausbildung mittels eines Tests zu pr\u00fcfen, ob die &#8222;Grundlagen&#8220; vorhanden sind, und dann diejenigen Lernenden, welche den Test nicht bestehen, in einen St\u00fctzkurs zu schicken.<\/p>\n<p>Selbstverst\u00e4ndlich wird es Lernende geben, welche auch bei einem &#8222;auf die F\u00fcsse gestellten&#8220; Fachrechnen M\u00fche haben, dem Unterricht zu folgen; auch wenn dies hoffentlich deutlich weniger sind, als wenn der Unterricht &#8222;\u00fcber den Kopf&#8220; erfolgt. Welche Lernenden dies sind, zeigt sich aber erst im Laufe des Unterrichts.<\/p>\n<p>Es ist notwendig, solche Lernende fr\u00fch zu erfassen, damit man sie unterst\u00fctzen kann, bevor grosse L\u00fccken in ihren rechnerischen Kompetenzen entstehen. Das diagnostische Kriterium dabei ist einfach: Kann der\/die Lernende dem Unterricht folgen? Alle Lernenden, welche aus der Sicht der Lehrperson M\u00fche haben, dem Unterricht zu folgen, sind potentielle Kandidaten f\u00fcr F\u00f6rdermassnahmen.<\/p>\n<p>Idealerweise organisiert man St\u00fctzkurse deshalb so, dass all diese Lernenden einmal zur diagnostischen Abkl\u00e4rung ein, zwei Termine besuchen k\u00f6nnen, wo dann differenziert festgelegt wird, ob und welche Unterst\u00fctzung sie ben\u00f6tigen.<\/p>\n<h2>Hintergrund<\/h2>\n<ul>\n<li><a title=\"Eintrittstests\" href=\"http:\/\/hrkll.ch\/WordPress\/?page_id=1811\">Eintrittstests<\/a>: Warum es unsinnig ist, solche zu veranstalten.<\/li>\n<li><a title=\"Unterricht, Diagnose und F\u00f6rderung\" href=\"http:\/\/hrkll.ch\/WordPress\/vom-kopf-auf-die-fuesse\/einbettung\/unterricht_diagnose_foerderung\/\">Diagnose<\/a>: Didaktik, Diagnose und F\u00f6rderung m\u00fcssen eng ineinander greifen.<\/li>\n<\/ul>\n<p>&lt;&lt;<a title=\"Lernumgebungen gestalten\" href=\"http:\/\/hrkll.ch\/WordPress\/?page_id=1706\">zur\u00fcck<\/a>\u00a0\u00a0\u00a0\u00a0\u00a0\u00a0\u00a0 <a title=\"St\u00fctzkursgestaltung\" href=\"http:\/\/hrkll.ch\/WordPress\/?page_id=1751\">weiter<\/a>&gt;&gt;<\/p>\n","protected":false},"excerpt":{"rendered":"<p>Situationsorientiertes Fachrechnen geht nicht von der Vorstellung aus, dass die Lernenden &#8222;Grundlagen&#8220; mitbringen m\u00fcssen (&#8222;Dreisatz&#8220;, &#8222;Prozentrechnen&#8220;) und dass es im Unterricht darum geht, diese &#8222;Grundlagen&#8220; anzuwenden. Situationsorientiertes Fachrechnen erarbeitet mit den Lernenden zusammen f\u00fcr die einzelnen Situationen situationsbezogene L\u00f6sungen und &hellip; <a href=\"https:\/\/hrkll.ch\/WordPress\/vom-kopf-auf-die-fuesse\/leitfaden\/fruherfassung\/\">Weiterlesen <span class=\"meta-nav\">&rarr;<\/span><\/a><\/p>\n","protected":false},"author":7,"featured_media":0,"parent":1572,"menu_order":7,"comment_status":"closed","ping_status":"closed","template":"sidebar-page.php","meta":{"footnotes":""},"class_list":["post-1748","page","type-page","status-publish","hentry"],"_links":{"self":[{"href":"https:\/\/hrkll.ch\/WordPress\/wp-json\/wp\/v2\/pages\/1748","targetHints":{"allow":["GET"]}}],"collection":[{"href":"https:\/\/hrkll.ch\/WordPress\/wp-json\/wp\/v2\/pages"}],"about":[{"href":"https:\/\/hrkll.ch\/WordPress\/wp-json\/wp\/v2\/types\/page"}],"author":[{"embeddable":true,"href":"https:\/\/hrkll.ch\/WordPress\/wp-json\/wp\/v2\/users\/7"}],"replies":[{"embeddable":true,"href":"https:\/\/hrkll.ch\/WordPress\/wp-json\/wp\/v2\/comments?post=1748"}],"version-history":[{"count":0,"href":"https:\/\/hrkll.ch\/WordPress\/wp-json\/wp\/v2\/pages\/1748\/revisions"}],"up":[{"embeddable":true,"href":"https:\/\/hrkll.ch\/WordPress\/wp-json\/wp\/v2\/pages\/1572"}],"wp:attachment":[{"href":"https:\/\/hrkll.ch\/WordPress\/wp-json\/wp\/v2\/media?parent=1748"}],"curies":[{"name":"wp","href":"https:\/\/api.w.org\/{rel}","templated":true}]}}