{"id":172,"date":"2013-02-01T18:01:46","date_gmt":"2013-02-01T17:01:46","guid":{"rendered":"http:\/\/hrkll.ch\/WordPress\/?page_id=172"},"modified":"2013-02-08T19:03:21","modified_gmt":"2013-02-08T18:03:21","slug":"kalenderwochen","status":"publish","type":"page","link":"https:\/\/hrkll.ch\/WordPress\/alltagsmathematik\/geschichten\/kalenderwochen\/","title":{"rendered":"Kalenderwochen"},"content":{"rendered":"<p>Heinz und Ren\u00e9, unser beiden Abwarte, organisieren sich f\u00fcr das n\u00e4chste Jahr. Sie vereinbaren, dass Heinz in den geraden Wochen Sp\u00e4tdienst hat, Ren\u00e9 dagegen in den ungeraden. Dummerweise verwenden sie nicht dasselbe System, um ihre Wochen zu nummerieren, so dass in der zweiten Woche (die erste war noch Ferien) gleich beide Sp\u00e4tdienst machen.<\/p>\n","protected":false},"excerpt":{"rendered":"<p>Heinz und Ren\u00e9, unser beiden Abwarte, organisieren sich f\u00fcr das n\u00e4chste Jahr. Sie vereinbaren, dass Heinz in den geraden Wochen Sp\u00e4tdienst hat, Ren\u00e9 dagegen in den ungeraden. Dummerweise verwenden sie nicht dasselbe System, um ihre Wochen zu nummerieren, so dass &hellip; <a href=\"https:\/\/hrkll.ch\/WordPress\/alltagsmathematik\/geschichten\/kalenderwochen\/\">Weiterlesen <span class=\"meta-nav\">&rarr;<\/span><\/a><\/p>\n","protected":false},"author":7,"featured_media":0,"parent":149,"menu_order":9,"comment_status":"closed","ping_status":"closed","template":"sidebar-page.php","meta":{"footnotes":""},"class_list":["post-172","page","type-page","status-publish","hentry"],"_links":{"self":[{"href":"https:\/\/hrkll.ch\/WordPress\/wp-json\/wp\/v2\/pages\/172","targetHints":{"allow":["GET"]}}],"collection":[{"href":"https:\/\/hrkll.ch\/WordPress\/wp-json\/wp\/v2\/pages"}],"about":[{"href":"https:\/\/hrkll.ch\/WordPress\/wp-json\/wp\/v2\/types\/page"}],"author":[{"embeddable":true,"href":"https:\/\/hrkll.ch\/WordPress\/wp-json\/wp\/v2\/users\/7"}],"replies":[{"embeddable":true,"href":"https:\/\/hrkll.ch\/WordPress\/wp-json\/wp\/v2\/comments?post=172"}],"version-history":[{"count":0,"href":"https:\/\/hrkll.ch\/WordPress\/wp-json\/wp\/v2\/pages\/172\/revisions"}],"up":[{"embeddable":true,"href":"https:\/\/hrkll.ch\/WordPress\/wp-json\/wp\/v2\/pages\/149"}],"wp:attachment":[{"href":"https:\/\/hrkll.ch\/WordPress\/wp-json\/wp\/v2\/media?parent=172"}],"curies":[{"name":"wp","href":"https:\/\/api.w.org\/{rel}","templated":true}]}}