{"id":1689,"date":"2013-05-08T07:16:08","date_gmt":"2013-05-08T06:16:08","guid":{"rendered":"http:\/\/hrkll.ch\/WordPress\/?page_id=1689"},"modified":"2015-04-01T16:12:49","modified_gmt":"2015-04-01T15:12:49","slug":"mit-situationen-arbeiten-eine-kurzanleitung-in-acht-schritten","status":"publish","type":"page","link":"https:\/\/hrkll.ch\/WordPress\/vom-kopf-auf-die-fuesse\/leitfaden\/mit-situationen-arbeiten-eine-kurzanleitung-in-acht-schritten\/","title":{"rendered":"Mit Situationen arbeiten \u2013 eine Kurzanleitung in acht Schritten"},"content":{"rendered":"<p>Sind die relevanten Berechnungssituationen einmal <a title=\"Berufliche Berechnungssituationen sammeln\" href=\"http:\/\/hrkll.ch\/WordPress\/?page_id=1610\">gesammelt<\/a> und <a title=\"Berufliche Berechnungssituationen beschreiben\" href=\"http:\/\/hrkll.ch\/WordPress\/?page_id=1640\">beschrieben<\/a>, wird es m\u00f6glich, den Unterricht konsequent auf diese Situationen auszurichten, indem man Situation um Situation mit den Lernenden durchgeht.<\/p>\n<h2>1.\u00a0\u00a0\u00a0 Erst beginnen, wenn Lernende dazu schon Erfahrungen gemacht haben<\/h2>\n<p>Mit der Behandlung einer Situation zuwarten, bis m\u00f6glichst viele der Lernenden mit grosser Sicherheit schon Erfahrungen mit der entsprechenden Situation gemacht haben. Die Erfahrungen lassen sich anreichern, indem man den Lernenden entsprechende Beobachtungsauftr\u00e4ge gibt (vgl. <a title=\"Die Arbeit an den Situationen in den Gang der Ausbildung einbetten\" href=\"http:\/\/hrkll.ch\/WordPress\/?page_id=1693\">Die Arbeit an den Situationen in den Gang der Ausbildung einbetten<\/a>).<\/p>\n<h2>2.\u00a0\u00a0\u00a0 Erfahrungen schildern lassen &#8211; nicht nur &#8222;rechnerische&#8220; Aspekte, anderes ist genauso wichtig<\/h2>\n<p>Die Situation im schulischen Unterricht lebendig werden lassen, indem man die Lernenden von ihren Erfahrungen erz\u00e4hlen l\u00e4sst. Ging ein Beobachtungsauftrag voraus, existiert mehr &#8222;Material&#8220; f\u00fcr diese Erz\u00e4hlungen. Die &#8222;kalkulatorischen&#8220; Aspekte sind dabei wichtig, vieles andere ist aber f\u00fcr ein Verst\u00e4ndnis der Situation genauso wichtig.<\/p>\n<h2>3.\u00a0\u00a0 Mittelschwere Aufgabe stellen und die Lernenden in Gruppen erarbeiten lassen, wie sie diese mit ihrem bereits vorhandenen Wissen angehen w\u00fcrden<\/h2>\n<p>Das vorhandene Vorwissen der Lernenden aufgreifen, indem man ihnen ohne weitere Instruktion eine entsprechende Aufgabe (z. B. Rezept umrechnen) stellt. Die Aufgabe sollte nicht so schwer sein, dass die Lernenden keine Chance haben, auch nur ann\u00e4hernd an eine L\u00f6sung zu kommen. Sie sollte aber eine echte Aufgabe sein, welche die reale Komplexit\u00e4t der Situation einf\u00e4ngt und die Lernenden herausfordert. Die Aufgabe in Gruppen bearbeiten lassen.<\/p>\n<h2>4.\u00a0\u00a0\u00a0 Die L\u00f6sungen der Lernenden gemeinsam kritisch besprechen<\/h2>\n<p>Die einzelnen Gruppen ihre L\u00f6sungen vorstellen lassen und St\u00e4rken und Schw\u00e4chen diskutieren. Wichtig ist dabei, dass nicht nur Schw\u00e4chen herausgearbeitet werden, sondern auch St\u00e4rken, welche in der folgenden modellhaften L\u00f6sung aufgenommen werden k\u00f6nnen.<\/p>\n<h2>5.\u00a0\u00a0\u00a0 Werkzeuge einf\u00fchren, Benutzung an einem realistischen Beispiel modellhaft vormachen<\/h2>\n<p>An einer Beispielaufgabe eine L\u00f6sung modellhaft vormachen. Dabei nicht eine perfekte Vorstellung bieten, sondern durch lautes Denken erkennen lassen, was man sich alles Schritt f\u00fcr Schritt \u00fcberlegen muss.<\/p>\n<h2>6.\u00a0\u00a0\u00a0 Lernende eigene Beispiele erfinden lassen, bis sie sich sicher f\u00fchlen<\/h2>\n<p>F\u00fcr die eigentliche \u00dcbungsphase &#8211; ausgehend von zwei, drei vorgegebenen Beispielen &#8211; die Lernenden eigene Beispiele erfinden lassen. Anhand dieser Beispiele die Lernenden \u00fcben lassen (eventuell zuerst im Plenum, dann in Gruppen), bis sie sich sicher f\u00fchlen. Zu Beginn brauchen sie dabei Unterst\u00fctzung (sowohl beim Erfinden der Beispiele wie beim L\u00f6sen). Mit der Zeit kann und muss die Unterst\u00fctzung wegfallen. Gegen Schluss spontan zus\u00e4tzliche Schwierigkeiten in die Beispiele der Lernenden einbauen.<\/p>\n<h2>7.\u00a0\u00a0\u00a0 Zentrale Daten erarbeiten, Spickzettel erarbeiten<\/h2>\n<p>Mit den Lernenden zusammen zentrale Gr\u00f6ssen zusammentragen, die man einfach kennen muss, um den Arbeitsablauf durch Nachschlagen bzw. Nachrechnen nicht zu behindern (Lehrerinput, Nachschlagen in Fachb\u00fcchern). Lernende pers\u00f6nliche Spickzettel schreiben lassen (in einem Format, das sie w\u00e4hrend der Arbeit auf sich tragen und konsultieren k\u00f6nnen).<\/p>\n<h2>8.\u00a0\u00a0\u00a0 Anwendung im Betrieb diskutieren<\/h2>\n<p>Im Plenum gemeinsam diskutieren, wie und wann das Gelernte im Betrieb genutzt werden kann und welche Schwierigkeiten sich dabei ergeben k\u00f6nnten.<\/p>\n<h1>Hintergrund<\/h1>\n<ul>\n<li><a title=\"Didaktik: Wissensaufbau von den F\u00fcssen her\" href=\"..\/?page_id=2064\">Didaktik: Wissensaufbau von den F\u00fcssen her<\/a>: Gr\u00fcnde f\u00fcr die Notwendigkeit eines Aufbaus \u201cvon den F\u00fcssen\u201d her und Hinweise, wie einer solcher Aufbau erfolgen kann.<\/li>\n<li><a title=\"Eine situationsbezogene Didaktik des  Fachrechnens in acht Schritten\" href=\"http:\/\/hrkll.ch\/WordPress\/?page_id=2414\">Ein didaktischer Ablauf in acht Schritten<\/a>: Die &#8222;acht Schritte&#8220; im Detail.<\/li>\n<li><a title=\"als pdf in einem neuen Fenster anzeigen\" href=\"http:\/\/hrkll.ch\/vom_Kopf_auf_die_Fuesse\/Hintergrund\/Acht%20Schritte\/Produktives_Scheitern.pdf\" target=\"_blank\">Produktives Scheitern<\/a>: Eine empirische Studie und Details zu einigen der Acht Schritte.<\/li>\n<li><a title=\"Die Lernenden als Quelle von Aufgaben\" href=\"http:\/\/hrkll.ch\/WordPress\/?page_id=2393\">Die Lernenden als Quelle von Aufgaben<\/a>: Beispiele\/Aufgaben, welche Lernende aus dem Betrieb in den Unterricht bringen haben gegen\u00fcber Lehreraufgaben viele Vorteile.<\/li>\n<li><a title=\"Horizontaler Transfer\" href=\"http:\/\/hrkll.ch\/WordPress\/?page_id=542\">Horizontaler Transfer<\/a><strong>:<\/strong> Vielen Lernenden sind kontextfreie Abstraktionen, die man in beliebigen Situationen einsetzen k\u00f6nnte, nicht zug\u00e4nglich. F\u00fcr sie kann man versuchen mit Hilfe situierter Abstraktionen provisorische Br\u00fccken zwischen vertrauten Situationen und neuen Situationen zu schlagen.<\/li>\n<li><a title=\"Handfestes Modellieren\" href=\"http:\/\/hrkll.ch\/WordPress\/?page_id=198\">Handfestes Modellieren<\/a>: Das Verst\u00e4ndnis f\u00fcr Zusammenh\u00e4nge zwischen verschiedenen Gr\u00f6ssen kann man f\u00f6rdern, indem man den Fokus vom Rechnen wegnimmt und die Lernenden die Berechnungssituation modellieren l\u00e4sst.<\/li>\n<li><a title=\"Lernumgebungen konstruieren\" href=\"http:\/\/hrkll.ch\/WordPress\/?page_id=2462\">Lernumgebungen konstruieren<\/a>: Mit je einer Lernumgebung zu jeder Situation erh\u00e4lt man ein flexibles, minimales Lehrmittel.<\/li>\n<\/ul>\n<p>&lt;&lt;<a title=\"Qualifikationsverfahren anpassen\" href=\"http:\/\/hrkll.ch\/WordPress\/?page_id=1680\">zur\u00fcck<\/a>\u00a0\u00a0\u00a0\u00a0\u00a0\u00a0\u00a0 <a title=\"Die Arbeit an den Situationen in den Gang der Ausbildung einbetten\" href=\"http:\/\/hrkll.ch\/WordPress\/?page_id=1693\">weiter<\/a>&gt;&gt;<\/p>\n","protected":false},"excerpt":{"rendered":"<p>Sind die relevanten Berechnungssituationen einmal gesammelt und beschrieben, wird es m\u00f6glich, den Unterricht konsequent auf diese Situationen auszurichten, indem man Situation um Situation mit den Lernenden durchgeht. 1.\u00a0\u00a0\u00a0 Erst beginnen, wenn Lernende dazu schon Erfahrungen gemacht haben Mit der Behandlung &hellip; <a href=\"https:\/\/hrkll.ch\/WordPress\/vom-kopf-auf-die-fuesse\/leitfaden\/mit-situationen-arbeiten-eine-kurzanleitung-in-acht-schritten\/\">Weiterlesen <span class=\"meta-nav\">&rarr;<\/span><\/a><\/p>\n","protected":false},"author":7,"featured_media":0,"parent":1572,"menu_order":4,"comment_status":"closed","ping_status":"closed","template":"sidebar-page.php","meta":{"footnotes":""},"class_list":["post-1689","page","type-page","status-publish","hentry"],"_links":{"self":[{"href":"https:\/\/hrkll.ch\/WordPress\/wp-json\/wp\/v2\/pages\/1689","targetHints":{"allow":["GET"]}}],"collection":[{"href":"https:\/\/hrkll.ch\/WordPress\/wp-json\/wp\/v2\/pages"}],"about":[{"href":"https:\/\/hrkll.ch\/WordPress\/wp-json\/wp\/v2\/types\/page"}],"author":[{"embeddable":true,"href":"https:\/\/hrkll.ch\/WordPress\/wp-json\/wp\/v2\/users\/7"}],"replies":[{"embeddable":true,"href":"https:\/\/hrkll.ch\/WordPress\/wp-json\/wp\/v2\/comments?post=1689"}],"version-history":[{"count":0,"href":"https:\/\/hrkll.ch\/WordPress\/wp-json\/wp\/v2\/pages\/1689\/revisions"}],"up":[{"embeddable":true,"href":"https:\/\/hrkll.ch\/WordPress\/wp-json\/wp\/v2\/pages\/1572"}],"wp:attachment":[{"href":"https:\/\/hrkll.ch\/WordPress\/wp-json\/wp\/v2\/media?parent=1689"}],"curies":[{"name":"wp","href":"https:\/\/api.w.org\/{rel}","templated":true}]}}