{"id":1680,"date":"2013-05-08T07:01:58","date_gmt":"2013-05-08T06:01:58","guid":{"rendered":"http:\/\/hrkll.ch\/WordPress\/?page_id=1680"},"modified":"2015-04-01T16:01:04","modified_gmt":"2015-04-01T15:01:04","slug":"qualifikationsverfahren-anpassen","status":"publish","type":"page","link":"https:\/\/hrkll.ch\/WordPress\/vom-kopf-auf-die-fuesse\/leitfaden\/qualifikationsverfahren-anpassen\/","title":{"rendered":"Qualifikationsverfahren anpassen"},"content":{"rendered":"<p>In den allermeisten F\u00e4llen wird die intensive Auseinandersetzung mit den Berechnungssituationen dazu f\u00fchren, dass man die Bedeutung verschiedenster Inhalte, Vorgehensweisen etc. anders gewichtet als bisher. Die daraus sich logischerweise ergebenden Verschiebungen im Unterricht sind aber nur m\u00f6glich, wenn sich die neue Gewichtung auch im Qualifikationsverfahren niederschl\u00e4gt. Kommt man beispielsweise zum Schluss, dass solch unrealistische Berechnungen wie das eingangs erw\u00e4hnte Beispiel mit den <a title=\"Anlass und Zielsetzung\" href=\"http:\/\/hrkll.ch\/WordPress\/?page_id=1560\">Lammkarrees<\/a> im Unterricht nichts mehr zu suchen haben, dann m\u00fcssen sie auch aus der Schlusspr\u00fcfung verschwinden.<\/p>\n<p>Wichtig ist deshalb, dass man m\u00f6glichst fr\u00fch mit Personen Kontakt aufnimmt, die das Thema Fachrechnen im Qualifikationsverfahren betreuen. Diese m\u00fcssen von jeder \u00c4nderung &#8222;vom Kopf auf die F\u00fcsse&#8220; \u00fcberzeugt werden, soll das Unterfangen gelingen. Es ist selbstverst\u00e4ndlich optimal, wenn entsprechende Personen von Anfang an mitarbeiten.<\/p>\n<h1>Hintergrund<\/h1>\n<ul>\n<li><a title=\"Pr\u00fcfungen\" href=\"http:\/\/hrkll.ch\/WordPress\/vom-kopf-auf-die-fuesse\/einbettung\/pruefungen\/\">Pr\u00fcfungen<\/a>: Grunds\u00e4tze f\u00fcr sinnvolle, handlungsorientierte Pr\u00fcfungen.<\/li>\n<\/ul>\n<p>&lt;&lt;<a title=\"Verbindung zum Bildungsplan herstellen\" href=\"http:\/\/hrkll.ch\/WordPress\/?page_id=1660\">zur\u00fcck<\/a>\u00a0\u00a0\u00a0\u00a0\u00a0\u00a0\u00a0 <a title=\"Mit Situationen arbeiten \u2013 eine Kurzanleitung in acht Schritten\" href=\"http:\/\/hrkll.ch\/WordPress\/?page_id=1689\">weiter<\/a>&gt;&gt;<\/p>\n","protected":false},"excerpt":{"rendered":"<p>In den allermeisten F\u00e4llen wird die intensive Auseinandersetzung mit den Berechnungssituationen dazu f\u00fchren, dass man die Bedeutung verschiedenster Inhalte, Vorgehensweisen etc. anders gewichtet als bisher. Die daraus sich logischerweise ergebenden Verschiebungen im Unterricht sind aber nur m\u00f6glich, wenn sich die &hellip; <a href=\"https:\/\/hrkll.ch\/WordPress\/vom-kopf-auf-die-fuesse\/leitfaden\/qualifikationsverfahren-anpassen\/\">Weiterlesen <span class=\"meta-nav\">&rarr;<\/span><\/a><\/p>\n","protected":false},"author":7,"featured_media":0,"parent":1572,"menu_order":3,"comment_status":"closed","ping_status":"closed","template":"sidebar-page.php","meta":{"footnotes":""},"class_list":["post-1680","page","type-page","status-publish","hentry"],"_links":{"self":[{"href":"https:\/\/hrkll.ch\/WordPress\/wp-json\/wp\/v2\/pages\/1680","targetHints":{"allow":["GET"]}}],"collection":[{"href":"https:\/\/hrkll.ch\/WordPress\/wp-json\/wp\/v2\/pages"}],"about":[{"href":"https:\/\/hrkll.ch\/WordPress\/wp-json\/wp\/v2\/types\/page"}],"author":[{"embeddable":true,"href":"https:\/\/hrkll.ch\/WordPress\/wp-json\/wp\/v2\/users\/7"}],"replies":[{"embeddable":true,"href":"https:\/\/hrkll.ch\/WordPress\/wp-json\/wp\/v2\/comments?post=1680"}],"version-history":[{"count":0,"href":"https:\/\/hrkll.ch\/WordPress\/wp-json\/wp\/v2\/pages\/1680\/revisions"}],"up":[{"embeddable":true,"href":"https:\/\/hrkll.ch\/WordPress\/wp-json\/wp\/v2\/pages\/1572"}],"wp:attachment":[{"href":"https:\/\/hrkll.ch\/WordPress\/wp-json\/wp\/v2\/media?parent=1680"}],"curies":[{"name":"wp","href":"https:\/\/api.w.org\/{rel}","templated":true}]}}