{"id":168,"date":"2013-02-01T18:00:24","date_gmt":"2013-02-01T17:00:24","guid":{"rendered":"http:\/\/hrkll.ch\/WordPress\/?page_id=168"},"modified":"2013-02-08T19:03:16","modified_gmt":"2013-02-08T18:03:16","slug":"jauche-ausbringen","status":"publish","type":"page","link":"https:\/\/hrkll.ch\/WordPress\/alltagsmathematik\/geschichten\/jauche-ausbringen\/","title":{"rendered":"Jauche ausbringen"},"content":{"rendered":"<p>Der Bauer hat entschieden, dass die Wiese dr\u00fcben beim Wald mit 10 Fass Jauche ged\u00fcngt werden soll. Der Gehilfe macht sich auf den Weg und f\u00e4hrt mit dem Traktor und dem angeh\u00e4ngten Jauchefass \u00fcber die Wiese. Sp\u00e4testens wenn das erste Fass leer ist, muss er sich fragen, ob sein Tempo stimmt. F\u00e4hrt er zu schnell, reicht die Jauche nicht. F\u00e4hrt er zu langsam, bleibt Jauche \u00fcbrig, die weiter gelagert werden muss.<\/p>\n<p>Nehmen wir an, dass der Gehilfe sch\u00e4tzt, dass er 14 Bahnen hin und her fahren muss. In welchem Moment sollte das erste Fass leer sein? Und wenn er in diesem Moment merkt, dass er zu schnell gefahren ist, wie soll er kompensieren?<\/p>\n","protected":false},"excerpt":{"rendered":"<p>Der Bauer hat entschieden, dass die Wiese dr\u00fcben beim Wald mit 10 Fass Jauche ged\u00fcngt werden soll. Der Gehilfe macht sich auf den Weg und f\u00e4hrt mit dem Traktor und dem angeh\u00e4ngten Jauchefass \u00fcber die Wiese. Sp\u00e4testens wenn das erste &hellip; <a href=\"https:\/\/hrkll.ch\/WordPress\/alltagsmathematik\/geschichten\/jauche-ausbringen\/\">Weiterlesen <span class=\"meta-nav\">&rarr;<\/span><\/a><\/p>\n","protected":false},"author":7,"featured_media":0,"parent":149,"menu_order":7,"comment_status":"closed","ping_status":"closed","template":"sidebar-page.php","meta":{"footnotes":""},"class_list":["post-168","page","type-page","status-publish","hentry"],"_links":{"self":[{"href":"https:\/\/hrkll.ch\/WordPress\/wp-json\/wp\/v2\/pages\/168","targetHints":{"allow":["GET"]}}],"collection":[{"href":"https:\/\/hrkll.ch\/WordPress\/wp-json\/wp\/v2\/pages"}],"about":[{"href":"https:\/\/hrkll.ch\/WordPress\/wp-json\/wp\/v2\/types\/page"}],"author":[{"embeddable":true,"href":"https:\/\/hrkll.ch\/WordPress\/wp-json\/wp\/v2\/users\/7"}],"replies":[{"embeddable":true,"href":"https:\/\/hrkll.ch\/WordPress\/wp-json\/wp\/v2\/comments?post=168"}],"version-history":[{"count":0,"href":"https:\/\/hrkll.ch\/WordPress\/wp-json\/wp\/v2\/pages\/168\/revisions"}],"up":[{"embeddable":true,"href":"https:\/\/hrkll.ch\/WordPress\/wp-json\/wp\/v2\/pages\/149"}],"wp:attachment":[{"href":"https:\/\/hrkll.ch\/WordPress\/wp-json\/wp\/v2\/media?parent=168"}],"curies":[{"name":"wp","href":"https:\/\/api.w.org\/{rel}","templated":true}]}}