{"id":164,"date":"2013-02-01T17:59:14","date_gmt":"2013-02-01T16:59:14","guid":{"rendered":"http:\/\/hrkll.ch\/WordPress\/?page_id=164"},"modified":"2013-02-08T19:03:10","modified_gmt":"2013-02-08T18:03:10","slug":"halbe-autobusse","status":"publish","type":"page","link":"https:\/\/hrkll.ch\/WordPress\/alltagsmathematik\/geschichten\/halbe-autobusse\/","title":{"rendered":"Halbe Autobusse"},"content":{"rendered":"<p>Die Aufgabe:<\/p>\n<p>Ein Schuldirektor m\u00f6chte einen Schulausflug organisieren. Er erkundigt sich bei einem Bussunternehmen, wie viele Busse er f\u00fcr seine 120 Sch\u00fclerInnen seiner Schule bestellen muss. Der Busunternehmer antwortet, dass er pro Bus 50 Sch\u00fclerInnen sowie das notwendige Begleitpersonal unterbringt. Wie viele Busse muss der Direktor bestellen:<\/p>\n<blockquote><p>(a) 2 Busse,<br \/>\n(b) 2 Busse Rest 20,<br \/>\n(c) 2 2\/5 Busse,<br \/>\n(d) 3 Busse?<\/p><\/blockquote>\n<p>Viele Sch\u00fclerinnen w\u00e4hlen (b) oder (c), wie sie es von Aufgaben im Mathematikunterricht gewohnt sind.<\/p>\n<p><em>Ziegler, A. (1999) Motivation. In: Perleth, Ch. &amp; Ziegler, A. (Hrsg.) P\u00e4dagogische Psychologie. Grundlagen und Anwendungsfelder. Bern, Hans Huber. S. 103- 112<\/em><\/p>\n","protected":false},"excerpt":{"rendered":"<p>Die Aufgabe: Ein Schuldirektor m\u00f6chte einen Schulausflug organisieren. Er erkundigt sich bei einem Bussunternehmen, wie viele Busse er f\u00fcr seine 120 Sch\u00fclerInnen seiner Schule bestellen muss. Der Busunternehmer antwortet, dass er pro Bus 50 Sch\u00fclerInnen sowie das notwendige Begleitpersonal unterbringt. &hellip; <a href=\"https:\/\/hrkll.ch\/WordPress\/alltagsmathematik\/geschichten\/halbe-autobusse\/\">Weiterlesen <span class=\"meta-nav\">&rarr;<\/span><\/a><\/p>\n","protected":false},"author":7,"featured_media":0,"parent":149,"menu_order":5,"comment_status":"closed","ping_status":"closed","template":"sidebar-page.php","meta":{"footnotes":""},"class_list":["post-164","page","type-page","status-publish","hentry"],"_links":{"self":[{"href":"https:\/\/hrkll.ch\/WordPress\/wp-json\/wp\/v2\/pages\/164","targetHints":{"allow":["GET"]}}],"collection":[{"href":"https:\/\/hrkll.ch\/WordPress\/wp-json\/wp\/v2\/pages"}],"about":[{"href":"https:\/\/hrkll.ch\/WordPress\/wp-json\/wp\/v2\/types\/page"}],"author":[{"embeddable":true,"href":"https:\/\/hrkll.ch\/WordPress\/wp-json\/wp\/v2\/users\/7"}],"replies":[{"embeddable":true,"href":"https:\/\/hrkll.ch\/WordPress\/wp-json\/wp\/v2\/comments?post=164"}],"version-history":[{"count":0,"href":"https:\/\/hrkll.ch\/WordPress\/wp-json\/wp\/v2\/pages\/164\/revisions"}],"up":[{"embeddable":true,"href":"https:\/\/hrkll.ch\/WordPress\/wp-json\/wp\/v2\/pages\/149"}],"wp:attachment":[{"href":"https:\/\/hrkll.ch\/WordPress\/wp-json\/wp\/v2\/media?parent=164"}],"curies":[{"name":"wp","href":"https:\/\/api.w.org\/{rel}","templated":true}]}}