{"id":162,"date":"2013-02-01T17:58:35","date_gmt":"2013-02-01T16:58:35","guid":{"rendered":"http:\/\/hrkll.ch\/WordPress\/?page_id=162"},"modified":"2013-02-08T19:02:59","modified_gmt":"2013-02-08T18:02:59","slug":"ein-kurs-am-3-marz","status":"publish","type":"page","link":"https:\/\/hrkll.ch\/WordPress\/alltagsmathematik\/geschichten\/ein-kurs-am-3-marz\/","title":{"rendered":"Ein Kurs am 3. M\u00e4rz"},"content":{"rendered":"<p>Die Kursleiterin eines Kurses in Alltagsmathematik erh\u00e4lt am Vormittag des 3. M\u00e4rz einen Telefonanruf:<\/p>\n<blockquote><p><strong>F:<\/strong> Wir haben doch heute Nachmittag wieder Kurs, oder?<\/p>\n<p><strong>A:<\/strong> Nein, heute ist kein Kurs.<\/p>\n<p><strong>F:<\/strong> Aber da steht doch 3.2. ???<\/p><\/blockquote>\n","protected":false},"excerpt":{"rendered":"<p>Die Kursleiterin eines Kurses in Alltagsmathematik erh\u00e4lt am Vormittag des 3. M\u00e4rz einen Telefonanruf: F: Wir haben doch heute Nachmittag wieder Kurs, oder? A: Nein, heute ist kein Kurs. F: Aber da steht doch 3.2. ???<\/p>\n","protected":false},"author":7,"featured_media":0,"parent":149,"menu_order":4,"comment_status":"closed","ping_status":"closed","template":"sidebar-page.php","meta":{"footnotes":""},"class_list":["post-162","page","type-page","status-publish","hentry"],"_links":{"self":[{"href":"https:\/\/hrkll.ch\/WordPress\/wp-json\/wp\/v2\/pages\/162","targetHints":{"allow":["GET"]}}],"collection":[{"href":"https:\/\/hrkll.ch\/WordPress\/wp-json\/wp\/v2\/pages"}],"about":[{"href":"https:\/\/hrkll.ch\/WordPress\/wp-json\/wp\/v2\/types\/page"}],"author":[{"embeddable":true,"href":"https:\/\/hrkll.ch\/WordPress\/wp-json\/wp\/v2\/users\/7"}],"replies":[{"embeddable":true,"href":"https:\/\/hrkll.ch\/WordPress\/wp-json\/wp\/v2\/comments?post=162"}],"version-history":[{"count":0,"href":"https:\/\/hrkll.ch\/WordPress\/wp-json\/wp\/v2\/pages\/162\/revisions"}],"up":[{"embeddable":true,"href":"https:\/\/hrkll.ch\/WordPress\/wp-json\/wp\/v2\/pages\/149"}],"wp:attachment":[{"href":"https:\/\/hrkll.ch\/WordPress\/wp-json\/wp\/v2\/media?parent=162"}],"curies":[{"name":"wp","href":"https:\/\/api.w.org\/{rel}","templated":true}]}}