{"id":1576,"date":"2013-05-01T15:20:23","date_gmt":"2013-05-01T14:20:23","guid":{"rendered":"http:\/\/hrkll.ch\/WordPress\/?page_id=1576"},"modified":"2015-06-09T12:18:40","modified_gmt":"2015-06-09T11:18:40","slug":"hintergruendiges","status":"publish","type":"page","link":"https:\/\/hrkll.ch\/WordPress\/vom-kopf-auf-die-fuesse\/hintergruendiges\/","title":{"rendered":"Hintergr\u00fcndiges"},"content":{"rendered":"<p>Hier findet sich eine wachsende Sammlung von Texten mit \u00dcberlegungen grunds\u00e4tzlicher Natur. Sie setzen sich je mit verschiedenen Aspekten des Leitfadens vertieft auseinander. Die Texte wiederholen zum Teil gewisse Aussagen. Dadurch sollte es m\u00f6glich sein, sie unabh\u00e4ngig voneinander zu lesen.<\/p>\n<p><strong><a title=\"Berechnungssituationen\" href=\"http:\/\/hrkll.ch\/WordPress\/vom-kopf-auf-die-fuesse\/berechnungssituationen\/\">Berechnungssituationen:<\/a><\/strong> Als Grundlage, um das Fachrechnen auf die F\u00fcsse zu stellen, ben\u00f6tigt man eine Liste der im beruflichen Alltag relevanten <strong>Berechnungssituationen<\/strong> und eine Vorstellung davon, was es dort <strong>wirklich zu berechnen<\/strong> gibt.<\/p>\n<p><strong><a title=\"Mathematische Werkzeuge\" href=\"http:\/\/hrkll.ch\/WordPress\/vom-kopf-auf-die-fuesse\/mathematische-werkzeuge\/\">Mathematische Werkzeuge:<\/a><\/strong> Nicht alles, was manchmal buchst\u00e4blich schon seit mehr als hundert Jahren in den Schulb\u00fccher steht, ist im beruflichen Alltag wirklich n\u00fctzlich. Es lohnt sich daher, sich ein paar Gedanken zu <strong>alltagstauglichen<\/strong> mathematischen Werkzeugen zu machen.<\/p>\n<p><strong><a title=\"Didaktisches Grundmodell\" href=\"http:\/\/hrkll.ch\/WordPress\/vom-kopf-auf-die-fuesse\/didaktisches-grundmodell\/\">Didaktisches Grundmodell:<\/a><\/strong> Die Grundidee ist einfach: Mit dem <strong>Vorwissen<\/strong> der Lernenden arbeiten und auf ihren <strong>Erfahrungen im Betrieb<\/strong> aufbauen.<\/p>\n<p><strong><a title=\"Didaktische Szenarien\" href=\"http:\/\/hrkll.ch\/WordPress\/vom-kopf-auf-die-fuesse\/didaktische-szenarien\/\">Didaktische Szenarien:<\/a><\/strong> Das didaktische Grundmodell l\u00f6st viele Probleme. <strong>Manchmal stehen Lernende aber trotzdem an.<\/strong> Hier ein paar Vorschl\u00e4ge, wie man sie gezielt unterst\u00fctzen kann.<\/p>\n<p><strong><a title=\"Mathematische Konzepte\" href=\"http:\/\/hrkll.ch\/WordPress\/vom-kopf-auf-die-fuesse\/mathematische-konzepte\/\">Mathematische Konzepte:<\/a><\/strong> Um Fachrechnen unterrichten zu k\u00f6nnen, muss man <strong>nicht Mathematik studiert<\/strong> haben. Bei ein paar mathematischen Konzepten kann man aber <strong>Verwirrung bei denen Lernenden vermeiden,<\/strong> indem man sich etwas vertiefter mit ihnen auseinandersetzt.<\/p>\n<p><strong><a title=\"Einbettung im Umfeld\" href=\"http:\/\/hrkll.ch\/WordPress\/vom-kopf-auf-die-fuesse\/einbettung\/\">Einbettung im Umfeld:<\/a><\/strong> Fachrechnen findet <strong>nicht im luftleeren Raum<\/strong> statt. F\u00fcr ein Gelingen ist deshalb die <strong>Gestaltung der Abl\u00e4ufe und Rahmenbedingungen, welche den Unterricht umgeben<\/strong> <strong>und mitpr\u00e4gen<\/strong>, genauso relevant wie die Gestaltung des Unterrichts selbst.<\/p>\n","protected":false},"excerpt":{"rendered":"<p>Hier findet sich eine wachsende Sammlung von Texten mit \u00dcberlegungen grunds\u00e4tzlicher Natur. Sie setzen sich je mit verschiedenen Aspekten des Leitfadens vertieft auseinander. Die Texte wiederholen zum Teil gewisse Aussagen. Dadurch sollte es m\u00f6glich sein, sie unabh\u00e4ngig voneinander zu lesen. &hellip; <a href=\"https:\/\/hrkll.ch\/WordPress\/vom-kopf-auf-die-fuesse\/hintergruendiges\/\">Weiterlesen <span class=\"meta-nav\">&rarr;<\/span><\/a><\/p>\n","protected":false},"author":7,"featured_media":0,"parent":1554,"menu_order":11,"comment_status":"closed","ping_status":"closed","template":"sidebar-page.php","meta":{"footnotes":""},"class_list":["post-1576","page","type-page","status-publish","hentry"],"_links":{"self":[{"href":"https:\/\/hrkll.ch\/WordPress\/wp-json\/wp\/v2\/pages\/1576","targetHints":{"allow":["GET"]}}],"collection":[{"href":"https:\/\/hrkll.ch\/WordPress\/wp-json\/wp\/v2\/pages"}],"about":[{"href":"https:\/\/hrkll.ch\/WordPress\/wp-json\/wp\/v2\/types\/page"}],"author":[{"embeddable":true,"href":"https:\/\/hrkll.ch\/WordPress\/wp-json\/wp\/v2\/users\/7"}],"replies":[{"embeddable":true,"href":"https:\/\/hrkll.ch\/WordPress\/wp-json\/wp\/v2\/comments?post=1576"}],"version-history":[{"count":0,"href":"https:\/\/hrkll.ch\/WordPress\/wp-json\/wp\/v2\/pages\/1576\/revisions"}],"up":[{"embeddable":true,"href":"https:\/\/hrkll.ch\/WordPress\/wp-json\/wp\/v2\/pages\/1554"}],"wp:attachment":[{"href":"https:\/\/hrkll.ch\/WordPress\/wp-json\/wp\/v2\/media?parent=1576"}],"curies":[{"name":"wp","href":"https:\/\/api.w.org\/{rel}","templated":true}]}}