{"id":1554,"date":"2013-05-01T14:52:03","date_gmt":"2013-05-01T13:52:03","guid":{"rendered":"http:\/\/hrkll.ch\/WordPress\/?page_id=1554"},"modified":"2017-10-06T10:21:16","modified_gmt":"2017-10-06T09:21:16","slug":"vom-kopf-auf-die-fuesse","status":"publish","type":"page","link":"https:\/\/hrkll.ch\/WordPress\/vom-kopf-auf-die-fuesse\/","title":{"rendered":"Fachrechnen vom Kopf auf die F\u00fcsse gestellt"},"content":{"rendered":"<p>Ein Leitfaden f\u00fcr alle, deren Ziel es ist, <strong>die Lernenden f\u00fcr den beruflichen Alltag auszubilden, den sie tats\u00e4chlich antreffen werden<\/strong>.<\/p>\n<ol style=\"list-style-type: upper-latin;\">\n<li><a title=\"Anlass und Zielsetzung\" href=\"http:\/\/hrkll.ch\/WordPress\/?page_id=1560\">Anlass und Zielsetzung<\/a><\/li>\n<li><a title=\"Der Leitfaden kurz und knapp\" href=\"http:\/\/hrkll.ch\/WordPress\/?page_id=1572\">Der Leitfaden kurz und knapp<\/a><br \/>\nIn f\u00fcnf Schritten das Fachrechnen vom Kopf auf die F\u00fcsse stellen. Eine kurz gehaltene Anleitung mit Querverweisen zu Beispielen und Hintergrund.<\/li>\n<li><a title=\"Beispiele\" href=\"http:\/\/hrkll.ch\/WordPress\/?page_id=1574\">Beispiele<\/a><br \/>\nVerschiedene Beispiele aus unterschiedlichen Berufsfeldern. Hilfreich um zu sehen, was geschieht, wenn man den Leitfaden umzusetzen versucht.<\/li>\n<li><a title=\"Hintergr\u00fcndiges\" href=\"http:\/\/hrkll.ch\/WordPress\/?page_id=1576\">Hintergr\u00fcndiges<br \/>\n<\/a>\u00dcberlegungen grunds\u00e4tzlicher Natur, die dazu dienen k\u00f6nnen, sich mit dem einen oder anderen Aspekt des Leitfadens vertieft auseinander zu setzen.<\/li>\n<\/ol>\n<p>Es ist vorgesehen, diesen Leitfaden st\u00e4ndig weiterzuentwickeln, neue Erfahrungen aufzunehmen, neue Fragen zu beantworten, Irrt\u00fcmer zu berichtigen. Es lohnt sich also, immer wieder einmal vorbeizukommen.<\/p>\n<h2>\u00dcbersichtsartikel<\/h2>\n<ul>\n<li><a title=\"Artikel auf bwp@\" href=\"http:\/\/www.bwpat.de\/ausgabe\/24\/kaiser \" target=\"_blank\" rel=\"noopener\">Ans\u00e4tze f\u00fcr eine berufsbildungsspezifische Didaktik des Fachrechnens<\/a> (bwp@ Berufs- und Wirtschaftsp\u00e4dagogik \u2013 online, Ausgabe 24, 1-21): Eine kurze \u00dcbersicht \u00fcber die zentralen Ideen.<\/li>\n<li><a title=\"als pdf in einem neuen Fenster anzeigen\" href=\"http:\/\/www.hrkll.ch\/\/vom_Kopf_auf_die_Fuesse\/div\/Hansruedi_Kaiser_ALM_21.pdf\" target=\"_blank\" rel=\"noopener\">Coordinating learning inside and outside the classroom in Vocational Education and Training (VET)<\/a> (Proceedings of the 21<sup>st<\/sup> International Conference of Adults Learning Mathematics (ALM-21), Bern, Switzerland, 30 Jun \u2013 3 July 2014)<\/li>\n<li><a href=\"http:\/\/hrkll.ch\/WordPress\/vom-kopf-auf-die-fuesse\/forschungsagenda\/\">Forschungsagenda f\u00fcr eine Didaktik der Mathematik in der Berufsbildung<\/a>: Ein Versuch, alles aufzulisten, was noch zu tun w\u00e4re.<\/li>\n<\/ul>\n","protected":false},"excerpt":{"rendered":"<p>Ein Leitfaden f\u00fcr alle, deren Ziel es ist, die Lernenden f\u00fcr den beruflichen Alltag auszubilden, den sie tats\u00e4chlich antreffen werden. Anlass und Zielsetzung Der Leitfaden kurz und knapp In f\u00fcnf Schritten das Fachrechnen vom Kopf auf die F\u00fcsse stellen. Eine &hellip; <a href=\"https:\/\/hrkll.ch\/WordPress\/vom-kopf-auf-die-fuesse\/\">Weiterlesen <span class=\"meta-nav\">&rarr;<\/span><\/a><\/p>\n","protected":false},"author":7,"featured_media":0,"parent":0,"menu_order":1,"comment_status":"open","ping_status":"closed","template":"sidebar-page.php","meta":{"footnotes":""},"class_list":["post-1554","page","type-page","status-publish","hentry"],"_links":{"self":[{"href":"https:\/\/hrkll.ch\/WordPress\/wp-json\/wp\/v2\/pages\/1554","targetHints":{"allow":["GET"]}}],"collection":[{"href":"https:\/\/hrkll.ch\/WordPress\/wp-json\/wp\/v2\/pages"}],"about":[{"href":"https:\/\/hrkll.ch\/WordPress\/wp-json\/wp\/v2\/types\/page"}],"author":[{"embeddable":true,"href":"https:\/\/hrkll.ch\/WordPress\/wp-json\/wp\/v2\/users\/7"}],"replies":[{"embeddable":true,"href":"https:\/\/hrkll.ch\/WordPress\/wp-json\/wp\/v2\/comments?post=1554"}],"version-history":[{"count":0,"href":"https:\/\/hrkll.ch\/WordPress\/wp-json\/wp\/v2\/pages\/1554\/revisions"}],"wp:attachment":[{"href":"https:\/\/hrkll.ch\/WordPress\/wp-json\/wp\/v2\/media?parent=1554"}],"curies":[{"name":"wp","href":"https:\/\/api.w.org\/{rel}","templated":true}]}}