{"id":1530,"date":"2013-02-26T11:38:19","date_gmt":"2013-02-26T10:38:19","guid":{"rendered":"http:\/\/hrkll.ch\/WordPress\/?page_id=1530"},"modified":"2013-02-26T11:43:11","modified_gmt":"2013-02-26T10:43:11","slug":"unsere-wiese-ist-aber-nur-80-meter-lang","status":"publish","type":"page","link":"https:\/\/hrkll.ch\/WordPress\/alltagsmathematik\/geschichten\/unsere-wiese-ist-aber-nur-80-meter-lang\/","title":{"rendered":"Unsere Wiese ist aber nur 80 Meter lang"},"content":{"rendered":"<p>Im Unterricht f\u00fcr junge Bauern und B\u00e4uerinnen wird folgende Frage besprochen: Ich bin mit dem Jauche-Wagen \u00fcber die Wiese gefahren, bis das Fass leer war. Wie viel Jauche, d.h. wie viel N\u00e4hrstoff habe ich pro Quadratmeter ausgetragen? Die Lehrperson macht ein Beispiel: &#8222;Ich habe hier ein Feld von dreihundert Meter L\u00e4nge. Ich fahre eine volle L\u00e4nge, wende dann und fahre noch 120 Meter weit, bis das Fass leer ist. Also bin ich 420 Meter gefahren. Wenn meine Arbeitsbreite f\u00fcnf Meter ist, wie viele Quadratmeter habe ich dann ged\u00fcngt?&#8220;<\/p>\n<p>Da meldet sich Hans. &#8222;Ich kann das nicht rechnen. Bei uns ist keine Wiese l\u00e4nger als 80 Meter!&#8220;<\/p>\n<p>&nbsp;<\/p>\n","protected":false},"excerpt":{"rendered":"<p>Im Unterricht f\u00fcr junge Bauern und B\u00e4uerinnen wird folgende Frage besprochen: Ich bin mit dem Jauche-Wagen \u00fcber die Wiese gefahren, bis das Fass leer war. Wie viel Jauche, d.h. wie viel N\u00e4hrstoff habe ich pro Quadratmeter ausgetragen? Die Lehrperson macht &hellip; <a href=\"https:\/\/hrkll.ch\/WordPress\/alltagsmathematik\/geschichten\/unsere-wiese-ist-aber-nur-80-meter-lang\/\">Weiterlesen <span class=\"meta-nav\">&rarr;<\/span><\/a><\/p>\n","protected":false},"author":7,"featured_media":0,"parent":149,"menu_order":16,"comment_status":"closed","ping_status":"closed","template":"sidebar-page.php","meta":{"footnotes":""},"class_list":["post-1530","page","type-page","status-publish","hentry"],"_links":{"self":[{"href":"https:\/\/hrkll.ch\/WordPress\/wp-json\/wp\/v2\/pages\/1530","targetHints":{"allow":["GET"]}}],"collection":[{"href":"https:\/\/hrkll.ch\/WordPress\/wp-json\/wp\/v2\/pages"}],"about":[{"href":"https:\/\/hrkll.ch\/WordPress\/wp-json\/wp\/v2\/types\/page"}],"author":[{"embeddable":true,"href":"https:\/\/hrkll.ch\/WordPress\/wp-json\/wp\/v2\/users\/7"}],"replies":[{"embeddable":true,"href":"https:\/\/hrkll.ch\/WordPress\/wp-json\/wp\/v2\/comments?post=1530"}],"version-history":[{"count":0,"href":"https:\/\/hrkll.ch\/WordPress\/wp-json\/wp\/v2\/pages\/1530\/revisions"}],"up":[{"embeddable":true,"href":"https:\/\/hrkll.ch\/WordPress\/wp-json\/wp\/v2\/pages\/149"}],"wp:attachment":[{"href":"https:\/\/hrkll.ch\/WordPress\/wp-json\/wp\/v2\/media?parent=1530"}],"curies":[{"name":"wp","href":"https:\/\/api.w.org\/{rel}","templated":true}]}}