{"id":153,"date":"2013-02-01T17:55:06","date_gmt":"2013-02-01T16:55:06","guid":{"rendered":"http:\/\/hrkll.ch\/WordPress\/?page_id=153"},"modified":"2013-02-08T19:03:33","modified_gmt":"2013-02-08T18:03:33","slug":"partick-die-sache-mit-den-prozenten","status":"publish","type":"page","link":"https:\/\/hrkll.ch\/WordPress\/alltagsmathematik\/geschichten\/partick-die-sache-mit-den-prozenten\/","title":{"rendered":"Partick &#8211; die Sache mit den Prozenten"},"content":{"rendered":"<p>Patrik stammt aus einem Dorf im tiefen Emmental. In den ersten 9 Schuljahren ist er nicht besonders aufgefallen. Irgendwie ist er \u00fcberall mitgelaufen. Nach der obligatorischen Schulzeit besucht er das zehnte Schuljahr in einem gr\u00f6sseren Ort etwas weiter vorne im Tal. Dieses Jahr erlebt er als eine harte Zeit. Die Lehrer dort versuchen ihn etwas zu fordern, was er sich von der alten Schule her nicht gewohnt ist.<\/p>\n<p>Anschliessend beginnt er eine Lehre als Automechaniker ganz in der N\u00e4he seines Heimatdorfes. Damit ist er aber offenbar \u00fcberfordert und nach einiger Zeit wechselt er in die Anlehre als Fahrzeugwart. Im Betrieb macht er seine Arbeit gut. In der Berufsschule besucht er den St\u00fctzunterricht.<\/p>\n<p>Sozial ist Patrik gut integriert. Er ist Mitglied des Fanclubs des Eishockeymannschaft aus dem benachbarten Ort. Sein Vater ist Bauer auf einem kleinen Hof und verdient als Arbeiter auf dem Bau etwas dazu. Patrik hilft zuhause wo n\u00f6tig und als sein Vater einmal einen Unfall hat, f\u00fchrt er den Bauernhof in der Zwischenzeit selbst\u00e4ndig. F\u00fcr die Zeit nach der Lehrer hat er keine klaren Ziele.<\/p>\n<p>Er liebt es gar nicht, knifflige Probleme zu l\u00f6sen. Vor allem Mathematik behagt ihm nicht &#8211; wie seiner ganzen Familie. Als er im St\u00fctzunterricht gefragt wird, ob er es nicht doch noch einmal mit Mathematik versuchen m\u00f6chte, lehnt er dankend ab. Als er dann aber sieht, dass alle anderen an Mathematikaufgaben arbeiten, meldet er sich doch. Gefragt, was er denn am liebsten anpacken m\u00f6chte, entscheidet er sich f\u00fcr \u201edie Sache mit den Prozenten\u201c. Die Frage, warum in das interessiert, kann Patrik zuerst nicht beantworten. Nach einigem Bohren bringt er dann aber doch einige Beispiele. Von diesen ausgehend wird es m\u00f6glich, in kleinen Schritten weiterzuarbeiten. Oft muss man ihn dabei darauf aufmerksam machen, dass er echt Fortschritte macht und ihm helfen, zwischenzeitliche Misserfolge nicht einfach als seine fehlende Begabung f\u00fcr mathematische Fragen zu attribuieren.<\/p>\n","protected":false},"excerpt":{"rendered":"<p>Patrik stammt aus einem Dorf im tiefen Emmental. In den ersten 9 Schuljahren ist er nicht besonders aufgefallen. Irgendwie ist er \u00fcberall mitgelaufen. Nach der obligatorischen Schulzeit besucht er das zehnte Schuljahr in einem gr\u00f6sseren Ort etwas weiter vorne im &hellip; <a href=\"https:\/\/hrkll.ch\/WordPress\/alltagsmathematik\/geschichten\/partick-die-sache-mit-den-prozenten\/\">Weiterlesen <span class=\"meta-nav\">&rarr;<\/span><\/a><\/p>\n","protected":false},"author":7,"featured_media":0,"parent":149,"menu_order":0,"comment_status":"closed","ping_status":"closed","template":"sidebar-page.php","meta":{"footnotes":""},"class_list":["post-153","page","type-page","status-publish","hentry"],"_links":{"self":[{"href":"https:\/\/hrkll.ch\/WordPress\/wp-json\/wp\/v2\/pages\/153","targetHints":{"allow":["GET"]}}],"collection":[{"href":"https:\/\/hrkll.ch\/WordPress\/wp-json\/wp\/v2\/pages"}],"about":[{"href":"https:\/\/hrkll.ch\/WordPress\/wp-json\/wp\/v2\/types\/page"}],"author":[{"embeddable":true,"href":"https:\/\/hrkll.ch\/WordPress\/wp-json\/wp\/v2\/users\/7"}],"replies":[{"embeddable":true,"href":"https:\/\/hrkll.ch\/WordPress\/wp-json\/wp\/v2\/comments?post=153"}],"version-history":[{"count":0,"href":"https:\/\/hrkll.ch\/WordPress\/wp-json\/wp\/v2\/pages\/153\/revisions"}],"up":[{"embeddable":true,"href":"https:\/\/hrkll.ch\/WordPress\/wp-json\/wp\/v2\/pages\/149"}],"wp:attachment":[{"href":"https:\/\/hrkll.ch\/WordPress\/wp-json\/wp\/v2\/media?parent=153"}],"curies":[{"name":"wp","href":"https:\/\/api.w.org\/{rel}","templated":true}]}}