{"id":1484,"date":"2013-02-15T15:57:09","date_gmt":"2013-02-15T14:57:09","guid":{"rendered":"http:\/\/hrkll.ch\/WordPress\/?page_id=1484"},"modified":"2016-06-09T12:56:16","modified_gmt":"2016-06-09T11:56:16","slug":"bodenleger","status":"publish","type":"page","link":"https:\/\/hrkll.ch\/WordPress\/vom-kopf-auf-die-fuesse\/beispiele\/beispiele-fuer-die-analyse-ganzer-berufe\/bodenleger\/","title":{"rendered":"Bodenleger"},"content":{"rendered":"<p>Bodenleger verlegen textile oder h\u00f6lzerne B\u00f6den. Ihr Arbeitsablauf gestaltet sich entlang von Auftr\u00e4gen von der Offerte bis zur Rechnungsstellung. Entsprechend wurden bisher folgende Situationen in Angriff genommen:<\/p>\n<h3><b>1 Kalkulation bzw. Offerte erstellen<\/b><\/h3>\n<ul>\n<li><strong>Kalkulation nachvollziehen<\/strong>: Das Erstellen einer Kalkulation ist Inhalt der h\u00f6heren Fachbildung. Auf der Stufe berufliche Grundbildung, geht es darum, das Zustandekommen nachvollziehen und gegebenenfalls gegen\u00fcber kritischen Kunden vertreten zu k\u00f6nnen.<\/li>\n<\/ul>\n<h3><b>2 Material bereitstellen\/mitnehmen<\/b><\/h3>\n<ul>\n<li><strong>Kleine Auftr\u00e4ge vorbereiten<\/strong><b>: <\/b>Grobe Absch\u00e4tzungen der ben\u00f6tigten Mengen in der Art: \u201eSoll ich eine Schachtel mehr oder weniger mitnehmen?\u201c<\/li>\n<li><strong>Grosse Auftr\u00e4ge vorbereiten:<\/strong> Hier ist eine genauere Planung angebracht, da prozentual kleine Fehler sich absolut st\u00e4rker bemerkbar machen.<\/li>\n<\/ul>\n<h3><b>3 Auf der Baustelle<\/b><\/h3>\n<ul>\n<li><strong>Einteilen<\/strong><b>: <\/b>Vor allem r\u00e4umlich, geometrische \u00dcberlegungen zur Frage: \u201eWie\/wo muss ich beginnen, damit es aufgeht?\u201c<\/li>\n<li><strong>Feuchtigkeit mit einplanen (Parkett):<\/strong> Rechnerisch nicht anspruchsvoll, es existieren erprobte Faustregeln. Wichtiger ist es, die Wirkung der Feuchtigkeit nachvollziehen zu k\u00f6nnen.<\/li>\n<\/ul>\n<h3><b>4 Rechnung stellen<\/b><\/h3>\n<ul>\n<li><strong>Nach Aufwand:<\/strong> Die Rechnungsstellung erfolgt aufgrund des \u00a0Rapports bez\u00fcglich eingesetztem Material und eingesetzter Zeit.\u00a0 Findet bei kleinen Auftr\u00e4gen Anwendung und muss selbstst\u00e4ndig ausgef\u00fchrt werden.<\/li>\n<li><strong>Nach \u201eBemassung\u201c<\/strong>: Die Rechnungsstellung erfolgt aufgrund der Planmasse und anhand von Normen und Merkbl\u00e4ttern. Findet bei grossen Auftr\u00e4gen Anwendung und ist Inhalt der h\u00f6heren Fachbildung. \u00a0Auf der Stufe berufliche Grundbildung, geht es darum, das Zustandekommen nachvollziehen und gegebenenfalls gegen\u00fcber kritischen Kunden vertreten zu k\u00f6nnen.<\/li>\n<\/ul>\n<p>Interessant ist bei den Bodenlegern, dass zwei verschiedene Fachrichtungen unterschieden werden: \u201eTextile &amp; elastische Bel\u00e4ge\u201c und \u201eParkett\u201c. Mathematisch gesehen besteht der wesentliche Unterschied zwischen diesen beiden Richtungen darin, dass die Ersten in Bahnen denken (Teppiche, Linoleum etc.) wogegen die Zweiten mit Quadraten planen (Parkett).<\/p>\n","protected":false},"excerpt":{"rendered":"<p>Bodenleger verlegen textile oder h\u00f6lzerne B\u00f6den. Ihr Arbeitsablauf gestaltet sich entlang von Auftr\u00e4gen von der Offerte bis zur Rechnungsstellung. Entsprechend wurden bisher folgende Situationen in Angriff genommen: 1 Kalkulation bzw. Offerte erstellen Kalkulation nachvollziehen: Das Erstellen einer Kalkulation ist Inhalt &hellip; <a href=\"https:\/\/hrkll.ch\/WordPress\/vom-kopf-auf-die-fuesse\/beispiele\/beispiele-fuer-die-analyse-ganzer-berufe\/bodenleger\/\">Weiterlesen <span class=\"meta-nav\">&rarr;<\/span><\/a><\/p>\n","protected":false},"author":7,"featured_media":0,"parent":3572,"menu_order":0,"comment_status":"closed","ping_status":"closed","template":"sidebar-page.php","meta":{"footnotes":""},"class_list":["post-1484","page","type-page","status-publish","hentry"],"_links":{"self":[{"href":"https:\/\/hrkll.ch\/WordPress\/wp-json\/wp\/v2\/pages\/1484","targetHints":{"allow":["GET"]}}],"collection":[{"href":"https:\/\/hrkll.ch\/WordPress\/wp-json\/wp\/v2\/pages"}],"about":[{"href":"https:\/\/hrkll.ch\/WordPress\/wp-json\/wp\/v2\/types\/page"}],"author":[{"embeddable":true,"href":"https:\/\/hrkll.ch\/WordPress\/wp-json\/wp\/v2\/users\/7"}],"replies":[{"embeddable":true,"href":"https:\/\/hrkll.ch\/WordPress\/wp-json\/wp\/v2\/comments?post=1484"}],"version-history":[{"count":0,"href":"https:\/\/hrkll.ch\/WordPress\/wp-json\/wp\/v2\/pages\/1484\/revisions"}],"up":[{"embeddable":true,"href":"https:\/\/hrkll.ch\/WordPress\/wp-json\/wp\/v2\/pages\/3572"}],"wp:attachment":[{"href":"https:\/\/hrkll.ch\/WordPress\/wp-json\/wp\/v2\/media?parent=1484"}],"curies":[{"name":"wp","href":"https:\/\/api.w.org\/{rel}","templated":true}]}}