{"id":117,"date":"2013-02-01T14:22:28","date_gmt":"2013-02-01T13:22:28","guid":{"rendered":"http:\/\/hrkll.ch\/WordPress\/?page_id=117"},"modified":"2013-02-08T19:07:36","modified_gmt":"2013-02-08T18:07:36","slug":"untersuchte-fragen-bei-mas","status":"publish","type":"page","link":"https:\/\/hrkll.ch\/WordPress\/lernen-durch-mitmachen\/theoriebildung\/kuenstliche-intelligenz\/multi-agent-systems\/untersuchte-fragen-bei-mas\/","title":{"rendered":"Untersuchte Fragen bei MAS"},"content":{"rendered":"<p><a title=\"Literaturliste MAS\" href=\"http:\/\/hrkll.ch\/WordPress\/?page_id=106\">Stone &amp; Veloso<\/a> haben eine interessante Zusammenstellung der Fragen gemacht, die bis ca. 1999 unter dem Titel MAS behandelt wurden. Sie benutzen zwei Dimensionen, um ihre \u00dcbersicht etwas zu strukturieren:<\/p>\n<ul>\n<li>Homogene vs. heterogene Agenten: Sind alle Agenten identische Kopien oder unterschieden sie sich?<\/li>\n<li>Keine Kommunikation vs. Kommunikation: Findet eine explizite Kommunikation zwischen den Agenten statt?<\/li>\n<\/ul>\n<p>Bei Wolf und Schafe in der hier geplanten Form handelt es sich heterogene Agenten (mit unterschiedlichem Wissen), die kommunizieren. Die folgenden Tabelle (Table 2 bei <a title=\"Literaturliste MAS\" href=\"http:\/\/hrkll.ch\/WordPress\/?page_id=106\">Stone &amp; Veloso<\/a>) ist von oben links nach unten rechts zu lesen. In jedem Feld kommen Fragen hinzu, die sich durch das komplexere Arrangement zus\u00e4tzlich zu den Fragen in den einfacheren F\u00e4llen stellen. F\u00fcr Wolf und Schafe sind also prinzipiell alle der aufgeworfenen Fragen relevant. Die <strong>fett<\/strong> hervorgehobenen Fragen sollen explizit behandelt werden, <em>kursiv<\/em> gehaltene Varianten sind Festlegungen. f\u00fcr Wolf und Schafe deren Auswirkung nicht weiter untersucht werden soll. Punkte ohne englischen Text stammen nicht aus der urspr\u00fcnglichen Tabelle von Stone &amp; Veloso.<\/p>\n<table width=\"99%\" border=\"1\" cellspacing=\"1\" cellpadding=\"4\">\n<tbody>\n<tr>\n<td valign=\"top\" width=\"50%\"><strong>Homogeneous Non-communicating Agents<\/strong><\/p>\n<ul>\n<li>Reactive vs. deliberative agents (die Agenten reagieren einfach vs. <em>die Agenten<strong> planen aufgrund von Zielen<\/strong><\/em>)<\/li>\n<li>Local or global perspective (die Agenten wissen nur \u00fcber ihre n\u00e4chste Umgebung bescheid vs. die Agenten <em>kennen die ganze Situation<\/em>)<\/li>\n<li>Modeling of other agents&#8216; states (die Agenten <strong>machen sich ein Bild vom aktuellen Zustand der anderen Agenten<\/strong>)<\/li>\n<li>How to affect others (wie kann man andere ohne explizite Kommunikation beeinflussen)<\/li>\n<\/ul>\n<p>&nbsp;<\/td>\n<td valign=\"top\" width=\"50%\">\u00a0<strong>Heterogeneous Non-communicating Agents<\/strong><\/p>\n<ul>\n<li>Benevolence vs. competitiveness (die Agenten <em>behindern sich nicht gegenseitig<\/em> vs. die Agenten sind kompetitiv)<\/li>\n<li>Stable vs. evolving agents (die Agenten sind fest vorgegeben vs<em>. die Agenten<strong> entwickeln sich<\/strong><\/em>)<\/li>\n<li>Modeling of others&#8216; goals, actions, and knowledge (<strong>die Agenten machen sich ein Bild von den Zielen, Aktionsm\u00f6glichkeiten und dem Wissen der anderen<\/strong>).<\/li>\n<li>Resource management (Agenten legen fest, wie beschr\u00e4nkte Ressourcen aufgeteilt werden)<\/li>\n<li>Social conventions (Agenten <strong>bevorzugen Aktionen die von anderen auch bevorzugt werden<\/strong>)<\/li>\n<li>Roles (Agenten <strong>\u00fcbernehmen verschiedene Rollen<\/strong>)<\/li>\n<\/ul>\n<p>&nbsp;<\/td>\n<\/tr>\n<tr>\n<td valign=\"top\" width=\"50%\">\u00a0<strong>Homogeneous Communicating Agents<\/strong><\/p>\n<ul>\n<li>Distributed sensing (die Wahrnehmung verschiedener Agenten wird via Kommunikation koordiniert)<\/li>\n<li>Communication content (<strong>wor\u00fcber soll kommuniziert werden?<\/strong>)<\/li>\n<\/ul>\n<p>&nbsp;<\/p>\n<ul>\n<li><strong>Wie kann sich eine geeignete Sprache bzw. ein geeigneter Sprachgebrauch entwickeln?<\/strong><\/li>\n<\/ul>\n<p>&nbsp;<\/td>\n<td valign=\"top\" width=\"50%\"><strong>Heterogeneous Communicating Agents<\/strong><\/p>\n<ul>\n<li>Understanding each other (<strong>wie k\u00f6nnen die Agenten sich gegenseitig verstehen?<\/strong>)<\/li>\n<li>Planning communicative acts (<strong>wie planen die Agenten ihre Kommunikation?<\/strong>)<\/li>\n<li>Negotiation (Agenten verhandeln miteinander \u00fcber Ziele etc.)<\/li>\n<li>Resource management (Agenten koordinieren ihre Abl\u00e4ufe)<\/li>\n<li>Commitment\/decommitment (Agenten gehen Verpflichtungen ein bzw. ziehen sich daraus zur\u00fcck)<\/li>\n<li>Collaborative localization (Agenten helfen sich gegenseitig, ihre Position festzulegen)<\/li>\n<li>Changing shape and size (Agenten \u00e4ndern sich in Form und Gr\u00f6sse indem z.B. zwei Agenten fusionieren und sich sp\u00e4ter wieder aufteilen)<\/li>\n<\/ul>\n<\/td>\n<\/tr>\n<\/tbody>\n<\/table>\n","protected":false},"excerpt":{"rendered":"<p>Stone &amp; Veloso haben eine interessante Zusammenstellung der Fragen gemacht, die bis ca. 1999 unter dem Titel MAS behandelt wurden. Sie benutzen zwei Dimensionen, um ihre \u00dcbersicht etwas zu strukturieren: Homogene vs. heterogene Agenten: Sind alle Agenten identische Kopien oder &hellip; <a href=\"https:\/\/hrkll.ch\/WordPress\/lernen-durch-mitmachen\/theoriebildung\/kuenstliche-intelligenz\/multi-agent-systems\/untersuchte-fragen-bei-mas\/\">Weiterlesen <span class=\"meta-nav\">&rarr;<\/span><\/a><\/p>\n","protected":false},"author":7,"featured_media":0,"parent":98,"menu_order":2,"comment_status":"closed","ping_status":"closed","template":"sidebar-page.php","meta":{"footnotes":""},"class_list":["post-117","page","type-page","status-publish","hentry"],"_links":{"self":[{"href":"https:\/\/hrkll.ch\/WordPress\/wp-json\/wp\/v2\/pages\/117","targetHints":{"allow":["GET"]}}],"collection":[{"href":"https:\/\/hrkll.ch\/WordPress\/wp-json\/wp\/v2\/pages"}],"about":[{"href":"https:\/\/hrkll.ch\/WordPress\/wp-json\/wp\/v2\/types\/page"}],"author":[{"embeddable":true,"href":"https:\/\/hrkll.ch\/WordPress\/wp-json\/wp\/v2\/users\/7"}],"replies":[{"embeddable":true,"href":"https:\/\/hrkll.ch\/WordPress\/wp-json\/wp\/v2\/comments?post=117"}],"version-history":[{"count":0,"href":"https:\/\/hrkll.ch\/WordPress\/wp-json\/wp\/v2\/pages\/117\/revisions"}],"up":[{"embeddable":true,"href":"https:\/\/hrkll.ch\/WordPress\/wp-json\/wp\/v2\/pages\/98"}],"wp:attachment":[{"href":"https:\/\/hrkll.ch\/WordPress\/wp-json\/wp\/v2\/media?parent=117"}],"curies":[{"name":"wp","href":"https:\/\/api.w.org\/{rel}","templated":true}]}}